{"id":6629,"date":"2021-02-21T10:18:00","date_gmt":"2021-02-21T09:18:00","guid":{"rendered":"https:\/\/www.cb-computech.de\/product\/17inch-full-ip66-touch-pc-j1900-stainless-steel-series\/"},"modified":"2025-04-11T14:16:58","modified_gmt":"2025-04-11T12:16:58","slug":"17-0-inch-full-ip66-touch-pc-j1900-stainless-steel-series","status":"publish","type":"product","link":"https:\/\/www.cb-computech.de\/en\/product\/17-0-inch-full-ip66-touch-pc-j1900-stainless-steel-series\/","title":{"rendered":"17.0inch Full IP66 Touch PC J1900 Stainless Steel Series"},"content":{"rendered":"<div class=\"fusion-fullwidth fullwidth-box fusion-builder-row-1 fusion-flex-container nonhundred-percent-fullwidth non-hundred-percent-height-scrolling\" style=\"--awb-border-radius-top-left:0px;--awb-border-radius-top-right:0px;--awb-border-radius-bottom-right:0px;--awb-border-radius-bottom-left:0px;--awb-flex-wrap:wrap;\" ><div class=\"fusion-builder-row fusion-row fusion-flex-align-items-flex-start fusion-flex-content-wrap\" style=\"max-width:1248px;margin-left: calc(-4% \/ 2 );margin-right: calc(-4% \/ 2 );\"><div class=\"fusion-layout-column fusion_builder_column fusion-builder-column-0 fusion_builder_column_1_1 1_1 fusion-flex-column\" style=\"--awb-bg-size:cover;--awb-width-large:100%;--awb-margin-top-large:0px;--awb-spacing-right-large:1.92%;--awb-margin-bottom-large:20px;--awb-spacing-left-large:1.92%;--awb-width-medium:100%;--awb-order-medium:0;--awb-spacing-right-medium:1.92%;--awb-spacing-left-medium:1.92%;--awb-width-small:100%;--awb-order-small:0;--awb-spacing-right-small:1.92%;--awb-spacing-left-small:1.92%;\"><div class=\"fusion-column-wrapper fusion-column-has-shadow fusion-flex-justify-content-flex-start fusion-content-layout-column\"><div class=\"fusion-text fusion-text-1\"><h2>Produktbeschreibung: 17.0 Zoll Full IP66 Edelstahl Touch PC mit Intel\u00ae Celeron\u00ae CPU<\/h2>\n<p>Ein 17.0 Zoll Full IP66 Edelstahl Touch PC mit Intel\u00ae Celeron\u00ae CPU f\u00fcr den 24\/7 Betrieb in rauen industriellen Umgebungen. Dieser Touch PC ist mit einem Kapazitiven Touch (PCT oder auch PCAP genannt) ausgestattet. Das Geh\u00e4use besteht aus Edelstahl h\u00f6chster Materialg\u00fcte (V4A) und ist resistent gegen viele Industrielle Reinigungsmittel.<\/p>\n<p>Dieser Touch PC kann \u00fcberall dort eingesetzt werden wo Staub, Schmutz, Wasser produktionsbedingt anf\u00e4llt und raue Bedingungen herrschen. Ein optimiertes W\u00e4rmemanagement sowie eine passive K\u00fchlung zeichnen diesen Touch PC aus Edelstahl aus. Das verwendete Industrie Mainboard sowie die dort verbauten Komponenten sorgen f\u00fcr hohe Qualit\u00e4t \u00fcber Jahre hinweg.<\/p>\n<\/div><div class=\"fusion-separator fusion-full-width-sep\" style=\"align-self: center;margin-left: auto;margin-right: auto;width:100%;\"><div class=\"fusion-separator-border sep-single sep-solid\" style=\"--awb-height:20px;--awb-amount:20px;--awb-sep-color:#1493e2;border-color:#1493e2;border-top-width:1px;\"><\/div><\/div><div class=\"fusion-text fusion-text-2\"><h2>Mounting Options<\/h2>\n<p>VESA preparation, available on the rear<\/p>\n<\/div><ul style=\"--awb-size:16px;--awb-iconcolor:#00035e;--awb-line-height:27.2px;--awb-icon-width:27.2px;--awb-icon-height:27.2px;--awb-icon-margin:11.2px;--awb-content-margin:38.4px;\" class=\"fusion-checklist fusion-checklist-1 fusion-checklist-default type-icons\"><li class=\"fusion-li-item\" style=\"\"><span class=\"icon-wrapper circle-no\"><i class=\"fusion-li-icon fa-wrench fas\" aria-hidden=\"true\"><\/i><\/span><div class=\"fusion-li-item-content\">\n<p>Wall mounting (via VESA holder)<\/p>\n<\/div><\/li><li class=\"fusion-li-item\" style=\"\"><span class=\"icon-wrapper circle-no\"><i class=\"fusion-li-icon fa-wrench fas\" aria-hidden=\"true\"><\/i><\/span><div class=\"fusion-li-item-content\">\n<p>Machine mounting (via VESA holder)<\/p>\n<\/div><\/li><li class=\"fusion-li-item\" style=\"\"><span class=\"icon-wrapper circle-no\"><i class=\"fusion-li-icon fa-wrench fas\" aria-hidden=\"true\"><\/i><\/span><div class=\"fusion-li-item-content\">\n<p>Column, recessed installation<\/p>\n<\/div><\/li><\/ul><\/div><\/div><\/div><\/div>\n","protected":false},"excerpt":{"rendered":"<p>17inch Full IP66 Touch PC J1900 Stainless Steel Series. This Full IP66 Touch PC is equipped with an Intel J1900 CPU and is ideal for use in harsh industrial environments. All-round water-protected incl. connections.<\/p>\n","protected":false},"featured_media":13388,"template":"","meta":[],"product_brand":[],"product_cat":[2492],"product_tag":[],"class_list":{"0":"post-6629","1":"product","2":"type-product","3":"status-publish","4":"has-post-thumbnail","6":"product_cat-full-ip66-touch-pcs-with-j1900-cpu-industry","8":"first","9":"instock","10":"taxable","11":"shipping-taxable","12":"purchasable","13":"product-type-simple"},"yoast_head":"<!-- This site is optimized with the Yoast SEO Premium plugin v27.1 (Yoast SEO v27.1.1) - https:\/\/yoast.com\/product\/yoast-seo-premium-wordpress\/ -->\n<title>17.0&quot; Full IP66 Touch PC J1900 Stainless Steel - CB Computech<\/title>\n<meta name=\"description\" content=\"17.0&quot; Full IP66 Touch PC J1900 stainless steel series. Reliable, durable, fanless, water-protected, 24\/7 operation. VESA mounting options.\" \/>\n<meta name=\"robots\" content=\"index, follow, max-snippet:-1, max-image-preview:large, max-video-preview:-1\" \/>\n<link rel=\"canonical\" href=\"https:\/\/www.cb-computech.de\/produkt\/17-0-zoll-full-ip66-edelstahl-touch-pc-mit-intel-celeron-cpu\/\" \/>\n<meta property=\"og:locale\" content=\"en_US\" \/>\n<meta property=\"og:type\" content=\"article\" \/>\n<meta property=\"og:title\" content=\"17.0inch Full IP66 Touch PC J1900 Stainless Steel Series\" \/>\n<meta property=\"og:description\" content=\"17.0&quot; Full IP66 Touch PC J1900 stainless steel series. Reliable, durable, fanless, water-protected, 24\/7 operation. VESA mounting options.\" \/>\n<meta property=\"og:url\" content=\"https:\/\/www.cb-computech.de\/produkt\/17-0-zoll-full-ip66-edelstahl-touch-pc-mit-intel-celeron-cpu\/\" \/>\n<meta property=\"og:site_name\" content=\"CB Computech GmbH\" \/>\n<meta property=\"article:modified_time\" content=\"2025-04-11T12:16:58+00:00\" \/>\n<meta property=\"og:image\" content=\"https:\/\/www.cb-computech.de\/wp-content\/uploads\/2021\/02\/17.0-Zoll-Full-IP66-Touch-PC-J1900-Edelstahl.jpg\" \/>\n\t<meta property=\"og:image:width\" content=\"787\" \/>\n\t<meta property=\"og:image:height\" content=\"442\" \/>\n\t<meta property=\"og:image:type\" content=\"image\/jpeg\" \/>\n<meta name=\"twitter:card\" content=\"summary_large_image\" \/>\n<meta name=\"twitter:label1\" content=\"Price\" \/>\n\t<meta name=\"twitter:data1\" content=\"0.00&euro; plus VAT and plus shipping costs. Delivery only to business customers.\" \/>\n\t<meta name=\"twitter:label2\" content=\"Availability\" \/>\n\t<meta name=\"twitter:data2\" content=\"In stock\" \/>\n<script type=\"application\/ld+json\" class=\"yoast-schema-graph\">{\"@context\":\"https:\/\/schema.org\",\"@graph\":[{\"@type\":\"WebPage\",\"@id\":\"https:\/\/www.cb-computech.de\/produkt\/17-0-zoll-full-ip66-edelstahl-touch-pc-mit-intel-celeron-cpu\/\",\"url\":\"https:\/\/www.cb-computech.de\/produkt\/17-0-zoll-full-ip66-edelstahl-touch-pc-mit-intel-celeron-cpu\/\",\"name\":\"17.0\\\" Full IP66 Touch PC J1900 Stainless Steel - CB Computech\",\"isPartOf\":{\"@id\":\"https:\/\/www.cb-computech.de\/#website\"},\"primaryImageOfPage\":{\"@id\":\"https:\/\/www.cb-computech.de\/produkt\/17-0-zoll-full-ip66-edelstahl-touch-pc-mit-intel-celeron-cpu\/#primaryimage\"},\"image\":{\"@id\":\"https:\/\/www.cb-computech.de\/produkt\/17-0-zoll-full-ip66-edelstahl-touch-pc-mit-intel-celeron-cpu\/#primaryimage\"},\"thumbnailUrl\":\"https:\/\/www.cb-computech.de\/wp-content\/uploads\/2021\/02\/17.0-Zoll-Full-IP66-Touch-PC-J1900-Edelstahl.jpg\",\"datePublished\":\"2021-02-21T09:18:00+00:00\",\"dateModified\":\"2025-04-11T12:16:58+00:00\",\"description\":\"17.0\\\" Full IP66 Touch PC J1900 stainless steel series. Reliable, durable, fanless, water-protected, 24\/7 operation. VESA mounting options.\",\"breadcrumb\":{\"@id\":\"https:\/\/www.cb-computech.de\/produkt\/17-0-zoll-full-ip66-edelstahl-touch-pc-mit-intel-celeron-cpu\/#breadcrumb\"},\"inLanguage\":\"en-US\",\"potentialAction\":[{\"@type\":\"ReadAction\",\"target\":[\"https:\/\/www.cb-computech.de\/produkt\/17-0-zoll-full-ip66-edelstahl-touch-pc-mit-intel-celeron-cpu\/\"]}]},{\"@type\":\"ImageObject\",\"inLanguage\":\"en-US\",\"@id\":\"https:\/\/www.cb-computech.de\/produkt\/17-0-zoll-full-ip66-edelstahl-touch-pc-mit-intel-celeron-cpu\/#primaryimage\",\"url\":\"https:\/\/www.cb-computech.de\/wp-content\/uploads\/2021\/02\/17.0-Zoll-Full-IP66-Touch-PC-J1900-Edelstahl.jpg\",\"contentUrl\":\"https:\/\/www.cb-computech.de\/wp-content\/uploads\/2021\/02\/17.0-Zoll-Full-IP66-Touch-PC-J1900-Edelstahl.jpg\",\"width\":787,\"height\":442,\"caption\":\"17.0 Zoll Full IP66 Touch PC J1900 Edelstahl\"},{\"@type\":\"BreadcrumbList\",\"@id\":\"https:\/\/www.cb-computech.de\/produkt\/17-0-zoll-full-ip66-edelstahl-touch-pc-mit-intel-celeron-cpu\/#breadcrumb\",\"itemListElement\":[{\"@type\":\"ListItem\",\"position\":1,\"name\":\"Startseite\",\"item\":\"https:\/\/www.cb-computech.de\/en\/\"},{\"@type\":\"ListItem\",\"position\":2,\"name\":\"Shop\",\"item\":\"https:\/\/www.cb-computech.de\/en\/shop\/\"},{\"@type\":\"ListItem\",\"position\":3,\"name\":\"17.0inch Full IP66 Touch PC J1900 Stainless Steel Series\"}]},{\"@type\":\"WebSite\",\"@id\":\"https:\/\/www.cb-computech.de\/#website\",\"url\":\"https:\/\/www.cb-computech.de\/\",\"name\":\"CB Computech GmbH\",\"description\":\"Touch Panel and Industrial PCs\",\"potentialAction\":[{\"@type\":\"SearchAction\",\"target\":{\"@type\":\"EntryPoint\",\"urlTemplate\":\"https:\/\/www.cb-computech.de\/?s={search_term_string}\"},\"query-input\":{\"@type\":\"PropertyValueSpecification\",\"valueRequired\":true,\"valueName\":\"search_term_string\"}}],\"inLanguage\":\"en-US\"}]}<\/script>\n<meta property=\"product:price:amount\" content=\"0.00\" \/>\n<meta property=\"product:price:currency\" content=\"EUR\" \/>\n<meta property=\"og:availability\" content=\"instock\" \/>\n<meta property=\"product:availability\" content=\"instock\" \/>\n<meta property=\"product:retailer_item_id\" content=\"CBIPCE00-170TSC00I\" \/>\n<meta property=\"product:condition\" content=\"new\" \/>\n<!-- \/ Yoast SEO Premium plugin. -->","yoast_head_json":{"title":"17.0\" Full IP66 Touch PC J1900 Stainless Steel - CB Computech","description":"17.0\" Full IP66 Touch PC J1900 stainless steel series. Reliable, durable, fanless, water-protected, 24\/7 operation. VESA mounting options.","robots":{"index":"index","follow":"follow","max-snippet":"max-snippet:-1","max-image-preview":"max-image-preview:large","max-video-preview":"max-video-preview:-1"},"canonical":"https:\/\/www.cb-computech.de\/produkt\/17-0-zoll-full-ip66-edelstahl-touch-pc-mit-intel-celeron-cpu\/","og_locale":"en_US","og_type":"article","og_title":"17.0inch Full IP66 Touch PC J1900 Stainless Steel Series","og_description":"17.0\" Full IP66 Touch PC J1900 stainless steel series. Reliable, durable, fanless, water-protected, 24\/7 operation. VESA mounting options.","og_url":"https:\/\/www.cb-computech.de\/produkt\/17-0-zoll-full-ip66-edelstahl-touch-pc-mit-intel-celeron-cpu\/","og_site_name":"CB Computech GmbH","article_modified_time":"2025-04-11T12:16:58+00:00","og_image":[{"width":787,"height":442,"url":"https:\/\/www.cb-computech.de\/wp-content\/uploads\/2021\/02\/17.0-Zoll-Full-IP66-Touch-PC-J1900-Edelstahl.jpg","type":"image\/jpeg"}],"twitter_card":"summary_large_image","twitter_misc":{"Price":"0.00&euro; plus VAT and plus shipping costs. Delivery only to business customers.","Availability":"In stock"},"schema":{"@context":"https:\/\/schema.org","@graph":[{"@type":"WebPage","@id":"https:\/\/www.cb-computech.de\/produkt\/17-0-zoll-full-ip66-edelstahl-touch-pc-mit-intel-celeron-cpu\/","url":"https:\/\/www.cb-computech.de\/produkt\/17-0-zoll-full-ip66-edelstahl-touch-pc-mit-intel-celeron-cpu\/","name":"17.0\" Full IP66 Touch PC J1900 Stainless Steel - CB Computech","isPartOf":{"@id":"https:\/\/www.cb-computech.de\/#website"},"primaryImageOfPage":{"@id":"https:\/\/www.cb-computech.de\/produkt\/17-0-zoll-full-ip66-edelstahl-touch-pc-mit-intel-celeron-cpu\/#primaryimage"},"image":{"@id":"https:\/\/www.cb-computech.de\/produkt\/17-0-zoll-full-ip66-edelstahl-touch-pc-mit-intel-celeron-cpu\/#primaryimage"},"thumbnailUrl":"https:\/\/www.cb-computech.de\/wp-content\/uploads\/2021\/02\/17.0-Zoll-Full-IP66-Touch-PC-J1900-Edelstahl.jpg","datePublished":"2021-02-21T09:18:00+00:00","dateModified":"2025-04-11T12:16:58+00:00","description":"17.0\" Full IP66 Touch PC J1900 stainless steel series. Reliable, durable, fanless, water-protected, 24\/7 operation. VESA mounting options.","breadcrumb":{"@id":"https:\/\/www.cb-computech.de\/produkt\/17-0-zoll-full-ip66-edelstahl-touch-pc-mit-intel-celeron-cpu\/#breadcrumb"},"inLanguage":"en-US","potentialAction":[{"@type":"ReadAction","target":["https:\/\/www.cb-computech.de\/produkt\/17-0-zoll-full-ip66-edelstahl-touch-pc-mit-intel-celeron-cpu\/"]}]},{"@type":"ImageObject","inLanguage":"en-US","@id":"https:\/\/www.cb-computech.de\/produkt\/17-0-zoll-full-ip66-edelstahl-touch-pc-mit-intel-celeron-cpu\/#primaryimage","url":"https:\/\/www.cb-computech.de\/wp-content\/uploads\/2021\/02\/17.0-Zoll-Full-IP66-Touch-PC-J1900-Edelstahl.jpg","contentUrl":"https:\/\/www.cb-computech.de\/wp-content\/uploads\/2021\/02\/17.0-Zoll-Full-IP66-Touch-PC-J1900-Edelstahl.jpg","width":787,"height":442,"caption":"17.0 Zoll Full IP66 Touch PC J1900 Edelstahl"},{"@type":"BreadcrumbList","@id":"https:\/\/www.cb-computech.de\/produkt\/17-0-zoll-full-ip66-edelstahl-touch-pc-mit-intel-celeron-cpu\/#breadcrumb","itemListElement":[{"@type":"ListItem","position":1,"name":"Startseite","item":"https:\/\/www.cb-computech.de\/en\/"},{"@type":"ListItem","position":2,"name":"Shop","item":"https:\/\/www.cb-computech.de\/en\/shop\/"},{"@type":"ListItem","position":3,"name":"17.0inch Full IP66 Touch PC J1900 Stainless Steel Series"}]},{"@type":"WebSite","@id":"https:\/\/www.cb-computech.de\/#website","url":"https:\/\/www.cb-computech.de\/","name":"CB Computech GmbH","description":"Touch Panel and Industrial PCs","potentialAction":[{"@type":"SearchAction","target":{"@type":"EntryPoint","urlTemplate":"https:\/\/www.cb-computech.de\/?s={search_term_string}"},"query-input":{"@type":"PropertyValueSpecification","valueRequired":true,"valueName":"search_term_string"}}],"inLanguage":"en-US"}]},"product_price_amount":"0.00","product_price_currency":"EUR","og_availability":"instock","product_availability":"instock","product_retailer_item_id":"CBIPCE00-170TSC00I","product_condition":"new"},"_links":{"self":[{"href":"https:\/\/www.cb-computech.de\/en\/wp-json\/wp\/v2\/product\/6629","targetHints":{"allow":["GET"]}}],"collection":[{"href":"https:\/\/www.cb-computech.de\/en\/wp-json\/wp\/v2\/product"}],"about":[{"href":"https:\/\/www.cb-computech.de\/en\/wp-json\/wp\/v2\/types\/product"}],"wp:featuredmedia":[{"embeddable":true,"href":"https:\/\/www.cb-computech.de\/en\/wp-json\/wp\/v2\/media\/13388"}],"wp:attachment":[{"href":"https:\/\/www.cb-computech.de\/en\/wp-json\/wp\/v2\/media?parent=6629"}],"wp:term":[{"taxonomy":"product_brand","embeddable":true,"href":"https:\/\/www.cb-computech.de\/en\/wp-json\/wp\/v2\/product_brand?post=6629"},{"taxonomy":"product_cat","embeddable":true,"href":"https:\/\/www.cb-computech.de\/en\/wp-json\/wp\/v2\/product_cat?post=6629"},{"taxonomy":"product_tag","embeddable":true,"href":"https:\/\/www.cb-computech.de\/en\/wp-json\/wp\/v2\/product_tag?post=6629"}],"curies":[{"name":"wp","href":"https:\/\/api.w.org\/{rel}","templated":true}]}}