{"id":13533,"date":"2023-08-12T17:15:41","date_gmt":"2023-08-12T15:15:41","guid":{"rendered":"https:\/\/www.cb-computech.de\/product\/43-0-full-ip66-touch-pc-j1900-stainless-steel\/"},"modified":"2023-10-13T17:21:13","modified_gmt":"2023-10-13T15:21:13","slug":"43-0-full-ip66-touch-panel-pc-j1900-stainless-steel","status":"publish","type":"product","link":"https:\/\/www.cb-computech.de\/en\/product\/43-0-full-ip66-touch-panel-pc-j1900-stainless-steel\/","title":{"rendered":"43.0&#8243; Full IP66 Touch, Panel PC J1900 Stainless Steel"},"content":{"rendered":"<div class=\"fusion-fullwidth fullwidth-box fusion-builder-row-1 fusion-flex-container has-pattern-background has-mask-background nonhundred-percent-fullwidth non-hundred-percent-height-scrolling\" style=\"--awb-border-radius-top-left:0px;--awb-border-radius-top-right:0px;--awb-border-radius-bottom-right:0px;--awb-border-radius-bottom-left:0px;--awb-flex-wrap:wrap;\" ><div class=\"fusion-builder-row fusion-row fusion-flex-align-items-flex-start fusion-flex-content-wrap\" style=\"max-width:1248px;margin-left: calc(-4% \/ 2 );margin-right: calc(-4% \/ 2 );\"><div class=\"fusion-layout-column fusion_builder_column fusion-builder-column-0 fusion_builder_column_1_1 1_1 fusion-flex-column\" style=\"--awb-bg-size:cover;--awb-width-large:100%;--awb-margin-top-large:0px;--awb-spacing-right-large:1.92%;--awb-margin-bottom-large:20px;--awb-spacing-left-large:1.92%;--awb-width-medium:100%;--awb-order-medium:0;--awb-spacing-right-medium:1.92%;--awb-spacing-left-medium:1.92%;--awb-width-small:100%;--awb-order-small:0;--awb-spacing-right-small:1.92%;--awb-spacing-left-small:1.92%;\"><div class=\"fusion-column-wrapper fusion-column-has-shadow fusion-flex-justify-content-flex-start fusion-content-layout-column\"><div class=\"fusion-text fusion-text-1\"><h2>Produktbeschreibung: 43.0 Zoll Full IP66 Touch, Panel PC mit J1900 CPU<\/h2>\n<p>Ein 43.0 Zoll Full IP66 Touch, Panel PC mit J1900 CPU der Edelstahl Serie f\u00fcr den 24\/7 Betrieb in rauen industriellen Umgebungen. Dieser Touch, Panel PC ist mit einem Kapazitiven Touch (PCT oder auch PCAP genannt) ausgestattet. Das Geh\u00e4use besteht aus Edelstahl h\u00f6chster Materialg\u00fcte (V4A) und ist resistent gegen viele Industrielle Reinigungsmittel.<\/p>\n<p>Dieser Touch, Panel PC kann \u00fcberall dort eingesetzt werden wo Staub, Schmutz, Wasser produktionsbedingt anf\u00e4llt und raue Bedingungen herrschen. Ein optimiertes W\u00e4rmemanagement sowie eine passive K\u00fchlung zeichnen diesen Panel, Touch PC aus Edelstahl aus. Das verwendete Industrie Mainboard sowie die dort verbauten Komponenten sorgen f\u00fcr hohe Qualit\u00e4t \u00fcber Jahre hinweg.<\/p>\n<\/div><ul style=\"--awb-size:16px;--awb-iconcolor:rgba(2,203,234,0.58);--awb-line-height:27.2px;--awb-icon-width:27.2px;--awb-icon-height:27.2px;--awb-icon-margin:11.2px;--awb-content-margin:38.4px;\" class=\"fusion-checklist fusion-checklist-1 fusion-checklist-default type-icons\"><li class=\"fusion-li-item\" style=\"\"><span class=\"icon-wrapper circle-no\"><i class=\"fusion-li-icon fa-check fas\" aria-hidden=\"true\"><\/i><\/span><div class=\"fusion-li-item-content\">\n<p>Full IP66 316L stainless steel housing (all-round waterproof)<\/p>\n<\/div><\/li><li class=\"fusion-li-item\" style=\"\"><span class=\"icon-wrapper circle-no\"><i class=\"fusion-li-icon fa-check fas\" aria-hidden=\"true\"><\/i><\/span><div class=\"fusion-li-item-content\">\n<p>For harsh industrial environments<\/p>\n<\/div><\/li><li class=\"fusion-li-item\" style=\"\"><span class=\"icon-wrapper circle-no\"><i class=\"fusion-li-icon fa-check fas\" aria-hidden=\"true\"><\/i><\/span><div class=\"fusion-li-item-content\">\n<p>Reliable, powerful<\/p>\n<\/div><\/li><li class=\"fusion-li-item\" style=\"\"><span class=\"icon-wrapper circle-no\"><i class=\"fusion-li-icon fa-check fas\" aria-hidden=\"true\"><\/i><\/span><div class=\"fusion-li-item-content\">\n<p>Fanless design<\/p>\n<\/div><\/li><li class=\"fusion-li-item\" style=\"\"><span class=\"icon-wrapper circle-no\"><i class=\"fusion-li-icon fa-check fas\" aria-hidden=\"true\"><\/i><\/span><div class=\"fusion-li-item-content\">\n<p>24\/7 operation<\/p>\n<\/div><\/li><li class=\"fusion-li-item\" style=\"\"><span class=\"icon-wrapper circle-no\"><i class=\"fusion-li-icon fa-check fas\" aria-hidden=\"true\"><\/i><\/span><div class=\"fusion-li-item-content\">\n<p>Versatile mounting options<\/p>\n<\/div><\/li><\/ul><\/div><\/div><\/div><\/div>\n","protected":false},"excerpt":{"rendered":"<p>43&#8243; Full IP66 Touch, Panel PC with J1900 CPU. Fanless, Reliable, Powerful. All-round dust and water-proof stainless steel housing for 24\/7 operation in harsh industrial environments. High-quality stainless steel housing made of V4A with VESA preparation for quick and versatile installation.<\/p>\n","protected":false},"featured_media":13531,"template":"","meta":[],"product_brand":[],"product_cat":[2554],"product_tag":[],"class_list":{"0":"post-13533","1":"product","2":"type-product","3":"status-publish","4":"has-post-thumbnail","6":"product_cat-full-ip66-stainless-steel-touch-panel-pcs-with-intel-celeron-cpu","8":"first","9":"instock","10":"taxable","11":"shipping-taxable","12":"purchasable","13":"product-type-simple"},"yoast_head":"<!-- This site is optimized with the Yoast SEO Premium plugin v27.1 (Yoast SEO v27.1.1) - https:\/\/yoast.com\/product\/yoast-seo-premium-wordpress\/ -->\n<title>43.0&quot; Full IP66 Touch, Panel PC J1900 Stainless Steel - CB Computech GmbH<\/title>\n<meta name=\"description\" content=\"43.0 inch Full IP66 Touch, Panel PC with J1900 CPU made of stainless steel. Fanless, Reliable, Powerful. For harsh industrial environments, 24\/7 operation\" \/>\n<meta name=\"robots\" content=\"index, follow, max-snippet:-1, max-image-preview:large, max-video-preview:-1\" \/>\n<link rel=\"canonical\" href=\"https:\/\/www.cb-computech.de\/en\/product\/43-0-full-ip66-touch-panel-pc-j1900-stainless-steel\/\" \/>\n<meta property=\"og:locale\" content=\"en_US\" \/>\n<meta property=\"og:type\" content=\"article\" \/>\n<meta property=\"og:title\" content=\"43.0&quot; Full IP66 Touch, Panel PC J1900 Stainless Steel\" \/>\n<meta property=\"og:description\" content=\"43.0 inch Full IP66 Touch, Panel PC with J1900 CPU made of stainless steel. Fanless, Reliable, Powerful. For harsh industrial environments, 24\/7 operation\" \/>\n<meta property=\"og:url\" content=\"https:\/\/www.cb-computech.de\/en\/product\/43-0-full-ip66-touch-panel-pc-j1900-stainless-steel\/\" \/>\n<meta property=\"og:site_name\" content=\"CB Computech GmbH\" \/>\n<meta property=\"article:modified_time\" content=\"2023-10-13T15:21:13+00:00\" \/>\n<meta property=\"og:image\" content=\"https:\/\/www.cb-computech.de\/wp-content\/uploads\/2023\/08\/43.0-Zoll-Full-IP66-Touch-PC-J1900-Edelstahl.jpg\" \/>\n\t<meta property=\"og:image:width\" content=\"787\" \/>\n\t<meta property=\"og:image:height\" content=\"442\" \/>\n\t<meta property=\"og:image:type\" content=\"image\/jpeg\" \/>\n<meta name=\"twitter:card\" content=\"summary_large_image\" \/>\n<meta name=\"twitter:label1\" content=\"Price\" \/>\n\t<meta name=\"twitter:data1\" content=\"0.00&euro; plus VAT and plus shipping costs. Delivery only to business customers.\" \/>\n\t<meta name=\"twitter:label2\" content=\"Availability\" \/>\n\t<meta name=\"twitter:data2\" content=\"In stock\" \/>\n<script type=\"application\/ld+json\" class=\"yoast-schema-graph\">{\"@context\":\"https:\/\/schema.org\",\"@graph\":[{\"@type\":\"WebPage\",\"@id\":\"https:\/\/www.cb-computech.de\/en\/product\/43-0-full-ip66-touch-panel-pc-j1900-stainless-steel\/\",\"url\":\"https:\/\/www.cb-computech.de\/en\/product\/43-0-full-ip66-touch-panel-pc-j1900-stainless-steel\/\",\"name\":\"43.0\\\" Full IP66 Touch, Panel PC J1900 Stainless Steel - CB Computech GmbH\",\"isPartOf\":{\"@id\":\"https:\/\/www.cb-computech.de\/#website\"},\"primaryImageOfPage\":{\"@id\":\"https:\/\/www.cb-computech.de\/en\/product\/43-0-full-ip66-touch-panel-pc-j1900-stainless-steel\/#primaryimage\"},\"image\":{\"@id\":\"https:\/\/www.cb-computech.de\/en\/product\/43-0-full-ip66-touch-panel-pc-j1900-stainless-steel\/#primaryimage\"},\"thumbnailUrl\":\"https:\/\/www.cb-computech.de\/wp-content\/uploads\/2023\/08\/43.0-Zoll-Full-IP66-Touch-PC-J1900-Edelstahl.jpg\",\"datePublished\":\"2023-08-12T15:15:41+00:00\",\"dateModified\":\"2023-10-13T15:21:13+00:00\",\"description\":\"43.0 inch Full IP66 Touch, Panel PC with J1900 CPU made of stainless steel. Fanless, Reliable, Powerful. For harsh industrial environments, 24\/7 operation\",\"breadcrumb\":{\"@id\":\"https:\/\/www.cb-computech.de\/en\/product\/43-0-full-ip66-touch-panel-pc-j1900-stainless-steel\/#breadcrumb\"},\"inLanguage\":\"en-US\",\"potentialAction\":[{\"@type\":\"ReadAction\",\"target\":[\"https:\/\/www.cb-computech.de\/en\/product\/43-0-full-ip66-touch-panel-pc-j1900-stainless-steel\/\"]}]},{\"@type\":\"ImageObject\",\"inLanguage\":\"en-US\",\"@id\":\"https:\/\/www.cb-computech.de\/en\/product\/43-0-full-ip66-touch-panel-pc-j1900-stainless-steel\/#primaryimage\",\"url\":\"https:\/\/www.cb-computech.de\/wp-content\/uploads\/2023\/08\/43.0-Zoll-Full-IP66-Touch-PC-J1900-Edelstahl.jpg\",\"contentUrl\":\"https:\/\/www.cb-computech.de\/wp-content\/uploads\/2023\/08\/43.0-Zoll-Full-IP66-Touch-PC-J1900-Edelstahl.jpg\",\"width\":787,\"height\":442,\"caption\":\"43.0\\\" Full IP66 Touch PC J1900 Stainless Steel\"},{\"@type\":\"BreadcrumbList\",\"@id\":\"https:\/\/www.cb-computech.de\/en\/product\/43-0-full-ip66-touch-panel-pc-j1900-stainless-steel\/#breadcrumb\",\"itemListElement\":[{\"@type\":\"ListItem\",\"position\":1,\"name\":\"Startseite\",\"item\":\"https:\/\/www.cb-computech.de\/en\/\"},{\"@type\":\"ListItem\",\"position\":2,\"name\":\"Shop\",\"item\":\"https:\/\/www.cb-computech.de\/en\/shop\/\"},{\"@type\":\"ListItem\",\"position\":3,\"name\":\"43.0&#8243; Full IP66 Touch, Panel PC J1900 Stainless Steel\"}]},{\"@type\":\"WebSite\",\"@id\":\"https:\/\/www.cb-computech.de\/#website\",\"url\":\"https:\/\/www.cb-computech.de\/\",\"name\":\"CB Computech GmbH\",\"description\":\"Touch Panel and Industrial PCs\",\"potentialAction\":[{\"@type\":\"SearchAction\",\"target\":{\"@type\":\"EntryPoint\",\"urlTemplate\":\"https:\/\/www.cb-computech.de\/?s={search_term_string}\"},\"query-input\":{\"@type\":\"PropertyValueSpecification\",\"valueRequired\":true,\"valueName\":\"search_term_string\"}}],\"inLanguage\":\"en-US\"}]}<\/script>\n<meta property=\"product:price:amount\" content=\"0.00\" \/>\n<meta property=\"product:price:currency\" content=\"EUR\" \/>\n<meta property=\"og:availability\" content=\"instock\" \/>\n<meta property=\"product:availability\" content=\"instock\" \/>\n<meta property=\"product:retailer_item_id\" content=\"CBIPJ1900-430TMS00I\" \/>\n<meta property=\"product:condition\" content=\"new\" \/>\n<!-- \/ Yoast SEO Premium plugin. -->","yoast_head_json":{"title":"43.0\" Full IP66 Touch, Panel PC J1900 Stainless Steel - CB Computech GmbH","description":"43.0 inch Full IP66 Touch, Panel PC with J1900 CPU made of stainless steel. Fanless, Reliable, Powerful. For harsh industrial environments, 24\/7 operation","robots":{"index":"index","follow":"follow","max-snippet":"max-snippet:-1","max-image-preview":"max-image-preview:large","max-video-preview":"max-video-preview:-1"},"canonical":"https:\/\/www.cb-computech.de\/en\/product\/43-0-full-ip66-touch-panel-pc-j1900-stainless-steel\/","og_locale":"en_US","og_type":"article","og_title":"43.0\" Full IP66 Touch, Panel PC J1900 Stainless Steel","og_description":"43.0 inch Full IP66 Touch, Panel PC with J1900 CPU made of stainless steel. Fanless, Reliable, Powerful. For harsh industrial environments, 24\/7 operation","og_url":"https:\/\/www.cb-computech.de\/en\/product\/43-0-full-ip66-touch-panel-pc-j1900-stainless-steel\/","og_site_name":"CB Computech GmbH","article_modified_time":"2023-10-13T15:21:13+00:00","og_image":[{"width":787,"height":442,"url":"https:\/\/www.cb-computech.de\/wp-content\/uploads\/2023\/08\/43.0-Zoll-Full-IP66-Touch-PC-J1900-Edelstahl.jpg","type":"image\/jpeg"}],"twitter_card":"summary_large_image","twitter_misc":{"Price":"0.00&euro; plus VAT and plus shipping costs. Delivery only to business customers.","Availability":"In stock"},"schema":{"@context":"https:\/\/schema.org","@graph":[{"@type":"WebPage","@id":"https:\/\/www.cb-computech.de\/en\/product\/43-0-full-ip66-touch-panel-pc-j1900-stainless-steel\/","url":"https:\/\/www.cb-computech.de\/en\/product\/43-0-full-ip66-touch-panel-pc-j1900-stainless-steel\/","name":"43.0\" Full IP66 Touch, Panel PC J1900 Stainless Steel - CB Computech GmbH","isPartOf":{"@id":"https:\/\/www.cb-computech.de\/#website"},"primaryImageOfPage":{"@id":"https:\/\/www.cb-computech.de\/en\/product\/43-0-full-ip66-touch-panel-pc-j1900-stainless-steel\/#primaryimage"},"image":{"@id":"https:\/\/www.cb-computech.de\/en\/product\/43-0-full-ip66-touch-panel-pc-j1900-stainless-steel\/#primaryimage"},"thumbnailUrl":"https:\/\/www.cb-computech.de\/wp-content\/uploads\/2023\/08\/43.0-Zoll-Full-IP66-Touch-PC-J1900-Edelstahl.jpg","datePublished":"2023-08-12T15:15:41+00:00","dateModified":"2023-10-13T15:21:13+00:00","description":"43.0 inch Full IP66 Touch, Panel PC with J1900 CPU made of stainless steel. Fanless, Reliable, Powerful. For harsh industrial environments, 24\/7 operation","breadcrumb":{"@id":"https:\/\/www.cb-computech.de\/en\/product\/43-0-full-ip66-touch-panel-pc-j1900-stainless-steel\/#breadcrumb"},"inLanguage":"en-US","potentialAction":[{"@type":"ReadAction","target":["https:\/\/www.cb-computech.de\/en\/product\/43-0-full-ip66-touch-panel-pc-j1900-stainless-steel\/"]}]},{"@type":"ImageObject","inLanguage":"en-US","@id":"https:\/\/www.cb-computech.de\/en\/product\/43-0-full-ip66-touch-panel-pc-j1900-stainless-steel\/#primaryimage","url":"https:\/\/www.cb-computech.de\/wp-content\/uploads\/2023\/08\/43.0-Zoll-Full-IP66-Touch-PC-J1900-Edelstahl.jpg","contentUrl":"https:\/\/www.cb-computech.de\/wp-content\/uploads\/2023\/08\/43.0-Zoll-Full-IP66-Touch-PC-J1900-Edelstahl.jpg","width":787,"height":442,"caption":"43.0\" Full IP66 Touch PC J1900 Stainless Steel"},{"@type":"BreadcrumbList","@id":"https:\/\/www.cb-computech.de\/en\/product\/43-0-full-ip66-touch-panel-pc-j1900-stainless-steel\/#breadcrumb","itemListElement":[{"@type":"ListItem","position":1,"name":"Startseite","item":"https:\/\/www.cb-computech.de\/en\/"},{"@type":"ListItem","position":2,"name":"Shop","item":"https:\/\/www.cb-computech.de\/en\/shop\/"},{"@type":"ListItem","position":3,"name":"43.0&#8243; Full IP66 Touch, Panel PC J1900 Stainless Steel"}]},{"@type":"WebSite","@id":"https:\/\/www.cb-computech.de\/#website","url":"https:\/\/www.cb-computech.de\/","name":"CB Computech GmbH","description":"Touch Panel and Industrial PCs","potentialAction":[{"@type":"SearchAction","target":{"@type":"EntryPoint","urlTemplate":"https:\/\/www.cb-computech.de\/?s={search_term_string}"},"query-input":{"@type":"PropertyValueSpecification","valueRequired":true,"valueName":"search_term_string"}}],"inLanguage":"en-US"}]},"product_price_amount":"0.00","product_price_currency":"EUR","og_availability":"instock","product_availability":"instock","product_retailer_item_id":"CBIPJ1900-430TMS00I","product_condition":"new"},"_links":{"self":[{"href":"https:\/\/www.cb-computech.de\/en\/wp-json\/wp\/v2\/product\/13533","targetHints":{"allow":["GET"]}}],"collection":[{"href":"https:\/\/www.cb-computech.de\/en\/wp-json\/wp\/v2\/product"}],"about":[{"href":"https:\/\/www.cb-computech.de\/en\/wp-json\/wp\/v2\/types\/product"}],"wp:featuredmedia":[{"embeddable":true,"href":"https:\/\/www.cb-computech.de\/en\/wp-json\/wp\/v2\/media\/13531"}],"wp:attachment":[{"href":"https:\/\/www.cb-computech.de\/en\/wp-json\/wp\/v2\/media?parent=13533"}],"wp:term":[{"taxonomy":"product_brand","embeddable":true,"href":"https:\/\/www.cb-computech.de\/en\/wp-json\/wp\/v2\/product_brand?post=13533"},{"taxonomy":"product_cat","embeddable":true,"href":"https:\/\/www.cb-computech.de\/en\/wp-json\/wp\/v2\/product_cat?post=13533"},{"taxonomy":"product_tag","embeddable":true,"href":"https:\/\/www.cb-computech.de\/en\/wp-json\/wp\/v2\/product_tag?post=13533"}],"curies":[{"name":"wp","href":"https:\/\/api.w.org\/{rel}","templated":true}]}}